{"id":356,"date":"2024-02-03T23:02:23","date_gmt":"2024-02-03T23:02:23","guid":{"rendered":"https:\/\/daire-jeanpaul.com\/laguiole%20passion\/?page_id=356"},"modified":"2024-02-03T23:41:39","modified_gmt":"2024-02-03T23:41:39","slug":"mentions-legales","status":"publish","type":"page","link":"https:\/\/daire-jeanpaul.com\/laguiole%20passion\/index.php\/mentions-legales\/","title":{"rendered":"&#8211; Mentions L\u00e9gales &#8211;"},"content":{"rendered":"\n<p><div id=\"site\"><div id=\"menu\"><div id=\"mentions\"><h2>\u00a0<\/h2><\/div><\/div><\/div><\/p>\n\n\n\n<p>Editeur:<\/p>\n\n\n\n<p>Daire Jean-Paul<br>46 Passage de l&rsquo;Andraune<br>04660 Champtercier<br>Tel: 07.85.99.85.02<br>Siret N\u00b0 : 984 056 309 000 11<br>Conception et r\u00e9alisation\u2026\u2026\u2026\u2026\u2026\u2026\u2026\u2026.Jean-Paul Daire<br>Graphisme et r\u00e9daction\u2026\u2026\u2026\u2026\u2026\u2026\u2026\u2026\u2026..Jean-Paul Daire<br>Cr\u00e9dits photographies\u2026\u2026\u2026\u2026\u2026\u2026\u2026\u2026\u2026&#8230;&#8230;Jean-Paul Daire<\/p>\n\n\n\n<p>H\u00e9bergeur :<\/p>\n\n\n\n<p>PLANETHOSTER inc., prestataire des SERVICES, situ\u00e9 au 4416 Louis B. Mayer, Laval (Qu\u00e9bec) H7P 0G1, Canada<br>FR: +33 1 76 60 41 43<br>QC: +1 514 802 1644<\/p>\n\n\n\n<p>Informations personnelles :<\/p>\n\n\n\n<p>Conform\u00e9ment \u00e0 la loi Informatique et Libert\u00e9s du 6 Janvier 1978,<br>vous disposez d&rsquo;un droit d&rsquo;acc\u00e9s, de rectification, de modification et de<br>suppression des donn\u00e9es personnelles que vous nous avez communiqu\u00e9es.<br>Vous pouvez exercer ce droit soit par courrier \u00e0 Jean-Paul Daire soit par e-mail.<\/p>\n\n\n\n<p><div id=\"site\"><div id=\"menu\"><div id=\"mentions\"><\/div><\/div><\/div>                                       <\/p>\n\n\n\n<p>Propri\u00e9t\u00e9 intellectuelle :<\/p>\n\n\n\n<p>L&rsquo;acc\u00e8s \u00e0 ce site vous conf\u00e8re un droit d&rsquo;usage priv\u00e9 et non exclusif.<br>Le site Internet, les donn\u00e9es et visuels pr\u00e9sents sont la propri\u00e9t\u00e9 de l&rsquo;\u00e9diteur except\u00e9 les logos<br>utilis\u00e9s pour les liens externes publi\u00e9s avec l&rsquo;accord des auteurs.<\/p>\n\n\n\n<p>L&rsquo;ensemble des \u00e9l\u00e9ments \u00e9dit\u00e9s sur ce site, incluant notamment les textes,<br>photographies, infographies, logos, marques \u2026 constituent des \u0153uvres au sens<br>du code de la Propri\u00e9t\u00e9 Intellectuelle.<\/p>\n\n\n\n<p>En vertu des articles L 111.1 et L112.1 du code de la propri\u00e9t\u00e9 intellectuelle: (extrait du texte)<br>\u00ab\u00a0\u2026Toute reproduction, diffusion publique, usage commercial sont formellement interdits<br>sans autorisation du titulaire des droits.\u00a0\u00bb<br>En cons\u00e9quence, toute repr\u00e9sentation, diffusion, modification ou reproduction, int\u00e9grale ou partielle,<br>qui pourrait \u00eatre faite sans le consentement de l&rsquo;auteur ou de ses ayants droit, est illicite.<\/p>\n\n\n\n<p>De m\u00eame qu&rsquo;il vous est strictement interdit de vous approprier ou d&rsquo;imprimer les oeuvres pr\u00e9sent\u00e9es sur mon site pour un usage commercial.<\/p>\n","protected":false},"excerpt":{"rendered":"<p>\u00a0 Editeur: Daire Jean-Paul46 Passage de l&rsquo;Andraune04660 ChamptercierTel: 07.85.99.85.02Siret N\u00b0 : 984 056 309 000 11Conception et r\u00e9alisation\u2026\u2026\u2026\u2026\u2026\u2026\u2026\u2026.Jean-Paul DaireGraphisme et r\u00e9daction\u2026\u2026\u2026\u2026\u2026\u2026\u2026\u2026\u2026..Jean-Paul DaireCr\u00e9dits photographies\u2026\u2026\u2026\u2026\u2026\u2026\u2026\u2026\u2026&#8230;&#8230;Jean-Paul Daire H\u00e9bergeur : PLANETHOSTER inc., prestataire des SERVICES, situ\u00e9 au 4416 Louis B. Mayer, Laval (Qu\u00e9bec) H7P 0G1, CanadaFR: +33 1 76 60 41 43QC: +1 514 802 1644 Informations personnelles :&hellip;&nbsp;<a href=\"https:\/\/daire-jeanpaul.com\/laguiole%20passion\/index.php\/mentions-legales\/\" rel=\"bookmark\">Lire la suite &raquo;<span class=\"screen-reader-text\">&#8211; Mentions L\u00e9gales &#8211;<\/span><\/a><\/p>\n","protected":false},"author":1,"featured_media":0,"parent":0,"menu_order":0,"comment_status":"closed","ping_status":"closed","template":"","meta":{"neve_meta_sidebar":"","neve_meta_container":"","neve_meta_enable_content_width":"","neve_meta_content_width":0,"neve_meta_title_alignment":"","neve_meta_author_avatar":"","neve_post_elements_order":"","neve_meta_disable_header":"","neve_meta_disable_footer":"","neve_meta_disable_title":"","footnotes":""},"class_list":["post-356","page","type-page","status-publish","hentry"],"jetpack_sharing_enabled":true,"_links":{"self":[{"href":"https:\/\/daire-jeanpaul.com\/laguiole%20passion\/index.php\/wp-json\/wp\/v2\/pages\/356","targetHints":{"allow":["GET"]}}],"collection":[{"href":"https:\/\/daire-jeanpaul.com\/laguiole%20passion\/index.php\/wp-json\/wp\/v2\/pages"}],"about":[{"href":"https:\/\/daire-jeanpaul.com\/laguiole%20passion\/index.php\/wp-json\/wp\/v2\/types\/page"}],"author":[{"embeddable":true,"href":"https:\/\/daire-jeanpaul.com\/laguiole%20passion\/index.php\/wp-json\/wp\/v2\/users\/1"}],"replies":[{"embeddable":true,"href":"https:\/\/daire-jeanpaul.com\/laguiole%20passion\/index.php\/wp-json\/wp\/v2\/comments?post=356"}],"version-history":[{"count":6,"href":"https:\/\/daire-jeanpaul.com\/laguiole%20passion\/index.php\/wp-json\/wp\/v2\/pages\/356\/revisions"}],"predecessor-version":[{"id":523,"href":"https:\/\/daire-jeanpaul.com\/laguiole%20passion\/index.php\/wp-json\/wp\/v2\/pages\/356\/revisions\/523"}],"wp:attachment":[{"href":"https:\/\/daire-jeanpaul.com\/laguiole%20passion\/index.php\/wp-json\/wp\/v2\/media?parent=356"}],"curies":[{"name":"wp","href":"https:\/\/api.w.org\/{rel}","templated":true}]}}